{"id":2,"date":"2025-12-20T16:49:40","date_gmt":"2025-12-20T09:49:40","guid":{"rendered":"https:\/\/www.demo.vietnamweb.asia\/?page_id=2"},"modified":"2025-12-20T16:53:26","modified_gmt":"2025-12-20T09:53:26","slug":"trang-chu","status":"publish","type":"page","link":"https:\/\/11tg88.bet\/","title":{"rendered":"11tg88 com &#8211; Trang Ch\u1ee7 Tg88 | Th\u1ec3 Thao Th\u01b0\u1edfng C\u01b0\u1ee3c M\u1ed7i Ng\u00e0y 28.888k"},"content":{"rendered":"<h2><span style=\"font-size: 110%; color: #f99b1c;\"><strong>TRANG CH\u1ee6 \u0110\u0102NG NH\u1eacP NH\u00c0 C\u00c1I TG88<\/strong><\/span><\/h2>\n<p>Link trang t\u1ed5ng v\u00e0o 11tg88 com ch\u00ednh th\u1ee9c c\u1eadp nh\u1eadt ng\u00e0y h\u00f4m nay m\u1edbi nh\u1ea5t:<\/p>\n<div class=\"row row-small\"  id=\"row-1339713968\">\n\n\t<div id=\"col-1938845395\" class=\"col medium-4 small-12 large-4\"  >\n\t\t\t\t<div class=\"col-inner\"  >\n\t\t\t\n\t\t\t\n\t<div class=\"img has-hover x md-x lg-x y md-y lg-y\" id=\"image_818859239\">\n\t\t<a class=\"\" href=\"https:\/\/qcte88.pro\/hwcf\" >\t\t\t\t\t\t<div class=\"img-inner dark\" >\n\t\t\t<img loading=\"lazy\" decoding=\"async\" width=\"400\" height=\"188\" src=\"https:\/\/11tg88.bet\/wp-content\/uploads\/2025\/03\/dang-ky.webp\" class=\"attachment-original size-original\" alt=\"\u0110\u0103ng k\u00fd nh\u00e0 c\u00e1i\" srcset=\"https:\/\/11tg88.bet\/wp-content\/uploads\/2025\/03\/dang-ky.webp 400w, https:\/\/11tg88.bet\/wp-content\/uploads\/2025\/03\/dang-ky-300x141.webp 300w\" sizes=\"auto, (max-width: 400px) 100vw, 400px\" \/>\t\t\t\t\t\t\n\t\t\t\t\t<\/div>\n\t\t\t\t\t\t<\/a>\t\t\n<style>\n#image_818859239 {\n  width: 100%;\n}\n<\/style>\n\t<\/div>\n\t\n\t\t<\/div>\n\t\t\t\t\t<\/div>\n\n\t\n\n\t<div id=\"col-1151853903\" class=\"col medium-4 small-12 large-4\"  >\n\t\t\t\t<div class=\"col-inner\"  >\n\t\t\t\n\t\t\t\n\t<div class=\"img has-hover x md-x lg-x y md-y lg-y\" id=\"image_1952079381\">\n\t\t<a class=\"\" href=\"https:\/\/qcte88.pro\/hwcf\" >\t\t\t\t\t\t<div class=\"img-inner dark\" >\n\t\t\t<img loading=\"lazy\" decoding=\"async\" width=\"400\" height=\"188\" src=\"https:\/\/11tg88.bet\/wp-content\/uploads\/2025\/03\/dang-nhap.webp\" class=\"attachment-original size-original\" alt=\"\u0110\u0103ng nh\u1eadp t\u1ea3i app\" srcset=\"https:\/\/11tg88.bet\/wp-content\/uploads\/2025\/03\/dang-nhap.webp 400w, https:\/\/11tg88.bet\/wp-content\/uploads\/2025\/03\/dang-nhap-300x141.webp 300w\" sizes=\"auto, (max-width: 400px) 100vw, 400px\" \/>\t\t\t\t\t\t\n\t\t\t\t\t<\/div>\n\t\t\t\t\t\t<\/a>\t\t\n<style>\n#image_1952079381 {\n  width: 100%;\n}\n<\/style>\n\t<\/div>\n\t\n\t\t<\/div>\n\t\t\t\t\t<\/div>\n\n\t\n\n\t<div id=\"col-1982803348\" class=\"col medium-4 small-12 large-4\"  >\n\t\t\t\t<div class=\"col-inner\"  >\n\t\t\t\n\t\t\t\n\t<div class=\"img has-hover x md-x lg-x y md-y lg-y\" id=\"image_1538760102\">\n\t\t<a class=\"\" href=\"https:\/\/qcte88.pro\/hwcf\" >\t\t\t\t\t\t<div class=\"img-inner dark\" >\n\t\t\t<img loading=\"lazy\" decoding=\"async\" width=\"400\" height=\"188\" src=\"https:\/\/11tg88.bet\/wp-content\/uploads\/2025\/03\/khuyen-mai.webp\" class=\"attachment-original size-original\" alt=\"Khuy\u1ebfn m\u00e3i th\u00e0nh vi\u00ean\" srcset=\"https:\/\/11tg88.bet\/wp-content\/uploads\/2025\/03\/khuyen-mai.webp 400w, https:\/\/11tg88.bet\/wp-content\/uploads\/2025\/03\/khuyen-mai-300x141.webp 300w\" sizes=\"auto, (max-width: 400px) 100vw, 400px\" \/>\t\t\t\t\t\t\n\t\t\t\t\t<\/div>\n\t\t\t\t\t\t<\/a>\t\t\n<style>\n#image_1538760102 {\n  width: 100%;\n}\n<\/style>\n\t<\/div>\n\t\n\t\t<\/div>\n\t\t\t\t\t<\/div>\n\n\t\n<\/div>\n\t<div id=\"gap-543628850\" class=\"gap-element clearfix\" style=\"display:block; height:auto;\">\n\t\t\n<style>\n#gap-543628850 {\n  padding-top: 16px;\n}\n<\/style>\n\t<\/div>\n\t\n\t<div id=\"gap-1063463536\" class=\"gap-element clearfix\" style=\"display:block; height:auto;\">\n\t\t\n<style>\n#gap-1063463536 {\n  padding-top: 15px;\n}\n<\/style>\n\t<\/div>\n\t\n<p><em><strong>Disclaimer (Tuy\u00ean b\u1ed1 mi\u1ec5n tr\u1eeb):<\/strong> <\/em>N\u1ed9i dung tr\u00ean 11tg88.bet \u0111\u01b0\u1ee3c x\u00e2y d\u1ef1ng v\u1edbi m\u1ee5c \u0111\u00edch cung c\u1ea5p th\u00f4ng tin tham kh\u1ea3o cho ng\u01b0\u1eddi \u0111\u1ee7 18 tu\u1ed5i v\u00e0 kh\u00f4ng c\u01b0 tr\u00fa t\u1ea1i Vi\u1ec7t Nam. Trang web kh\u00f4ng khuy\u1ebfn kh\u00edch c\u00e1c ho\u1ea1t \u0111\u1ed9ng c\u00e1 c\u01b0\u1ee3c. Ng\u01b0\u1eddi d\u00f9ng t\u1ef1 c\u00e2n nh\u1eafc v\u00e0 ho\u00e0n to\u00e0n ch\u1ecbu tr\u00e1ch nhi\u1ec7m tr\u01b0\u1edbc m\u1ecdi h\u1eadu qu\u1ea3 c\u00f3 th\u1ec3 x\u1ea3y ra. 11tg88 net kh\u00f4ng \u0111\u1ea3m b\u1ea3o t\u00ednh \u0111\u1ea7y \u0111\u1ee7, ch\u00ednh x\u00e1c c\u1ee7a th\u00f4ng tin v\u00e0 t\u1eeb ch\u1ed1i m\u1ecdi tr\u00e1ch nhi\u1ec7m ph\u00e1p l\u00fd ph\u00e1t sinh.<\/p>\n<h2 class=\"tieu-de uppercase\"><span style=\"color: #3366ff;\"><strong>FAQ &#8211; th\u1eafc m\u1eafc th\u01b0\u1eddng th\u1ea5y khi ch\u01a1i tr\u00ean TG88<\/strong><\/span><\/h2>\n<div class=\"accordion\"><\/div>\n\t<div id=\"accordion-1217223119\" class=\"accordion-item\">\n\t\t<a id=\"accordion-1217223119-label\" class=\"accordion-title plain\" href=\"#accordion-item-%20c\u00f3-nh\u1eefng-\u0111\u01b0\u1eddng-d\u1eabn-truy-c\u1eadp-11-tg88.com-n\u00e0o?-\" aria-expanded=\"false\" aria-controls=\"accordion-1217223119-content\" >\n\t\t\t<button class=\"toggle\" aria-label=\"Chuy\u1ec3n \u0111\u1ed5i\"><i class=\"icon-angle-down\"><\/i><\/button>\n\t\t\t<span> C\u00f3 nh\u1eefng \u0111\u01b0\u1eddng d\u1eabn truy c\u1eadp 11 Tg88.com n\u00e0o? <\/span>\n\t\t<\/a>\n\t\t<div id=\"accordion-1217223119-content\" class=\"accordion-inner\" aria-labelledby=\"accordion-1217223119-label\" >\n\t\t\t\n<p><span style=\"color: #3366ff;\">Nh\u00e0 c\u00e1i Tg88 .com cung c\u1ea5p c\u00e1c \u0111\u01b0\u1eddng d\u1eabn truy c\u1eadp sau:<\/span><\/p>\n<ul>\n<li><span style=\"color: #3366ff;\">11tg88.com<\/span><\/li>\n<li><span style=\"color: #3366ff;\">11 tg88.casino<\/span><\/li>\n<li><span style=\"color: #3366ff;\">1 1tg88.game<\/span><\/li>\n<li><span style=\"color: #3366ff;\">11tg88 . app<\/span><\/li>\n<li><span style=\"color: #3366ff;\">11tg88 8.bet<\/span><\/li>\n<li><span style=\"color: #3366ff;\">11tg88.win<\/span><\/li>\n<\/ul>\n<p>#trangchutg88 #dangnhaptg88 #dangkytg88 #taiapptg88 #apptg88 #tg88bet #tg88casino<\/p>\n<p>#trangchu11tg88 #dangnhap11tg88 #dangky11tg88 #taiapp11tg88 #app11tg88 #11tg88bet #11tg88casino<\/p>\n\t\t<\/div>\n\t<\/div>\n\t\n\t<div id=\"accordion-1625955325\" class=\"accordion-item\">\n\t\t<a id=\"accordion-1625955325-label\" class=\"accordion-title plain\" href=\"#accordion-item-t\u1ea3i-app-nh\u00e0-c\u00e1i-11tg88.casino-c\u00f3-kh\u00f3-kh\u00f4ng?\" aria-expanded=\"false\" aria-controls=\"accordion-1625955325-content\" >\n\t\t\t<button class=\"toggle\" aria-label=\"Chuy\u1ec3n \u0111\u1ed5i\"><i class=\"icon-angle-down\"><\/i><\/button>\n\t\t\t<span>T\u1ea3i App nh\u00e0 c\u00e1i 11tg88.casino c\u00f3 kh\u00f3 kh\u00f4ng?<\/span>\n\t\t<\/a>\n\t\t<div id=\"accordion-1625955325-content\" class=\"accordion-inner\" aria-labelledby=\"accordion-1625955325-label\" >\n\t\t\t\n<p><span style=\"color: #3366ff;\">Nh\u00e0 c\u00e1i Tg88 \u0111\u00e3 ph\u00e1t tri\u1ec3n \u1ee9ng d\u1ee5ng t\u1ea3i v\u1ec1 di \u0111\u1ed9ng gi\u00fap ng\u01b0\u1eddi ch\u01a1i tr\u1ea3i nghi\u1ec7m d\u1ec5 d\u00e0ng v\u00e0 an to\u00e0n h\u01a1n bao gi\u1edd h\u1ebft. Ng\u01b0\u1eddi ch\u01a1i ch\u1ec9 c\u1ea7n truy c\u1eadp trang ch\u1ee7, nh\u1ea5p v\u00e0o m\u1ee5c t\u1ea3i App. L\u1ef1a ch\u1ecdn h\u1ec7 \u0111i\u1ec1u h\u00e0nh ph\u00f9 h\u1ee3p v\u00e0 c\u00e0i \u0111\u1eb7t theo h\u01b0\u1edbng d\u1eabn l\u00e0 ho\u00e0n th\u00e0nh.<\/span><\/p>\n\t\t<\/div>\n\t<\/div>\n\t\n\t<div id=\"accordion-3092718728\" class=\"accordion-item\">\n\t\t<a id=\"accordion-3092718728-label\" class=\"accordion-title plain\" href=\"#accordion-item-nh\u00e0-c\u00e1i-tg88-con-c\u00f3-uy-t\u00edn-kh\u00f4ng?\" aria-expanded=\"false\" aria-controls=\"accordion-3092718728-content\" >\n\t\t\t<button class=\"toggle\" aria-label=\"Chuy\u1ec3n \u0111\u1ed5i\"><i class=\"icon-angle-down\"><\/i><\/button>\n\t\t\t<span>Nh\u00e0 c\u00e1i Tg88 con c\u00f3 uy t\u00edn kh\u00f4ng?<\/span>\n\t\t<\/a>\n\t\t<div id=\"accordion-3092718728-content\" class=\"accordion-inner\" aria-labelledby=\"accordion-3092718728-label\" >\n\t\t\t\n<p><span style=\"color: #3366ff;\">Tg88 game l\u00e0 m\u1ed9t nh\u00e0 c\u00e1i uy t\u00edn c\u00f3 gi\u1ea5y ph\u00e9p c\u00e1 c\u01b0\u1ee3c tr\u1ef1c tuy\u1ebfn h\u1ee3p ph\u00e1p do PAGCOR, MGA, BVI c\u1ea5p. M\u1ecdi ho\u1ea1t \u0111\u1ed9ng \u0111\u1ec1u \u0111\u01b0\u1ee3c gi\u00e1m s\u00e1t ch\u1eb7t ch\u1ebd c\u1ee7a c\u00e1c t\u1ed5 ch\u1ee9c uy t\u00edn tr\u00ean. Do \u0111\u00f3 \u0111\u1ea3m b\u1ea3o mang \u0111\u1ebfn cho ng\u01b0\u1eddi ch\u01a1i s\u00e2n ch\u01a1i uy t\u00edn, an to\u00e0n v\u00e0 minh b\u1ea1ch<\/span><\/p>\n\t\t<\/div>\n\t<\/div>\n\t\n\t<div id=\"accordion-2935221271\" class=\"accordion-item\">\n\t\t<a id=\"accordion-2935221271-label\" class=\"accordion-title plain\" href=\"#accordion-item-ch\u01a1i-11-tg88-com-c\u00f3-r\u00fat-\u0111\u01b0\u1ee3c-ti\u1ec1n-kh\u00f4ng?\" aria-expanded=\"false\" aria-controls=\"accordion-2935221271-content\" >\n\t\t\t<button class=\"toggle\" aria-label=\"Chuy\u1ec3n \u0111\u1ed5i\"><i class=\"icon-angle-down\"><\/i><\/button>\n\t\t\t<span>Ch\u01a1i 11 tg88 com c\u00f3 r\u00fat \u0111\u01b0\u1ee3c ti\u1ec1n kh\u00f4ng?<\/span>\n\t\t<\/a>\n\t\t<div id=\"accordion-2935221271-content\" class=\"accordion-inner\" aria-labelledby=\"accordion-2935221271-label\" >\n\t\t\t\n<p><span style=\"color: #3366ff;\">Ng\u01b0\u1eddi ch\u01a1i Tg88 app ho\u00e0n to\u00e0n r\u00fat \u0111\u01b0\u1ee3c ti\u1ec1n khi \u0111\u00e3 \u0111\u1ee7 \u0111i\u1ec1u ki\u1ec7n. Th\u01b0\u1eddng th\u00ec sau 1 v\u00f2ng c\u01b0\u1ee3c ho\u1eb7c s\u1ed1 v\u00f2ng c\u01b0\u1ee3c c\u1ee7a nh\u1eefng ch\u01b0\u01a1ng tr\u00ecnh khuy\u1ebfn m\u00e3i \u0111\u00e3 th\u00f4ng b\u00e1o chi ti\u1ebft \u0111\u1ebfn ng\u01b0\u1eddi ch\u01a1i.<\/span><\/p>\n\t\t<\/div>\n\t<\/div>\n\t\n<p>&nbsp;<\/p>\n","protected":false},"excerpt":{"rendered":"<p>TRANG CH\u1ee6 \u0110\u0102NG NH\u1eacP NH\u00c0 C\u00c1I TG88 Link trang t\u1ed5ng v\u00e0o 11tg88 com ch\u00ednh th\u1ee9c c\u1eadp nh\u1eadt ng\u00e0y h\u00f4m nay m\u1edbi nh\u1ea5t: Disclaimer (Tuy\u00ean b\u1ed1 mi\u1ec5n tr\u1eeb): N\u1ed9i dung tr\u00ean 11tg88.bet \u0111\u01b0\u1ee3c x\u00e2y d\u1ef1ng v\u1edbi m\u1ee5c \u0111\u00edch cung c\u1ea5p th\u00f4ng tin tham kh\u1ea3o cho ng\u01b0\u1eddi \u0111\u1ee7 18 tu\u1ed5i v\u00e0 kh\u00f4ng c\u01b0 tr\u00fa t\u1ea1i Vi\u1ec7t Nam&#8230;.<\/p>\n","protected":false},"author":1,"featured_media":0,"parent":0,"menu_order":0,"comment_status":"closed","ping_status":"open","template":"page-right-sidebar.php","meta":{"footnotes":""},"class_list":["post-2","page","type-page","status-publish","hentry"],"_links":{"self":[{"href":"https:\/\/11tg88.bet\/index.php?rest_route=\/wp\/v2\/pages\/2","targetHints":{"allow":["GET"]}}],"collection":[{"href":"https:\/\/11tg88.bet\/index.php?rest_route=\/wp\/v2\/pages"}],"about":[{"href":"https:\/\/11tg88.bet\/index.php?rest_route=\/wp\/v2\/types\/page"}],"author":[{"embeddable":true,"href":"https:\/\/11tg88.bet\/index.php?rest_route=\/wp\/v2\/users\/1"}],"replies":[{"embeddable":true,"href":"https:\/\/11tg88.bet\/index.php?rest_route=%2Fwp%2Fv2%2Fcomments&post=2"}],"version-history":[{"count":55,"href":"https:\/\/11tg88.bet\/index.php?rest_route=\/wp\/v2\/pages\/2\/revisions"}],"predecessor-version":[{"id":640,"href":"https:\/\/11tg88.bet\/index.php?rest_route=\/wp\/v2\/pages\/2\/revisions\/640"}],"wp:attachment":[{"href":"https:\/\/11tg88.bet\/index.php?rest_route=%2Fwp%2Fv2%2Fmedia&parent=2"}],"curies":[{"name":"wp","href":"https:\/\/api.w.org\/{rel}","templated":true}]}}